{"id":20,"date":"2024-11-18T10:21:44","date_gmt":"2024-11-18T09:21:44","guid":{"rendered":"http:\/\/guillaume-kinesio.com\/?page_id=20"},"modified":"2025-03-22T16:03:05","modified_gmt":"2025-03-22T15:03:05","slug":"kinesiologue-nevers-presentation","status":"publish","type":"page","link":"https:\/\/guillaume-kinesio.com\/index.php\/kinesiologue-nevers-presentation\/","title":{"rendered":"Pr\u00e9sentation"},"content":{"rendered":"\t\t<div data-elementor-type=\"wp-page\" data-elementor-id=\"20\" class=\"elementor elementor-20\">\n\t\t\t\t<div class=\"elementor-element elementor-element-8565cc3 e-flex e-con-boxed e-con e-parent\" data-id=\"8565cc3\" data-element_type=\"container\" data-e-type=\"container\">\n\t\t\t\t\t<div class=\"e-con-inner\">\n\t\t\t\t<div class=\"elementor-element elementor-element-79e1a92 animated-slow elementor-invisible elementor-widget elementor-widget-heading\" data-id=\"79e1a92\" data-element_type=\"widget\" data-e-type=\"widget\" data-settings=\"{&quot;_animation&quot;:&quot;fadeIn&quot;}\" data-widget_type=\"heading.default\">\n\t\t\t\t<div class=\"elementor-widget-container\">\n\t\t\t\t\t<h1 class=\"elementor-heading-title elementor-size-default\">Guillaume VAUZELLE<br>Kin\u00e9siologue certifi\u00e9 - Nevers (58)  <br>Praticien en r\u00e9flexologie cr\u00e2nio-sacr\u00e9e<\/h1>\t\t\t\t<\/div>\n\t\t\t\t<\/div>\n\t\t\t\t\t<\/div>\n\t\t\t\t<\/div>\n\t\t<div class=\"elementor-element elementor-element-4398697 e-flex e-con-boxed e-con e-parent\" data-id=\"4398697\" data-element_type=\"container\" data-e-type=\"container\">\n\t\t\t\t\t<div class=\"e-con-inner\">\n\t\t\t\t<div class=\"elementor-element elementor-element-122717a elementor-widget elementor-widget-image\" data-id=\"122717a\" data-element_type=\"widget\" data-e-type=\"widget\" data-widget_type=\"image.default\">\n\t\t\t\t<div class=\"elementor-widget-container\">\n\t\t\t\t\t\t\t\t\t\t\t\t\t\t\t<img fetchpriority=\"high\" decoding=\"async\" width=\"683\" height=\"1024\" src=\"https:\/\/guillaume-kinesio.com\/wp-content\/uploads\/2025\/02\/guillaume-kinesio-kinesiologie-nevers-15-683x1024.jpeg\" class=\"attachment-large size-large wp-image-619\" alt=\"\" srcset=\"https:\/\/guillaume-kinesio.com\/wp-content\/uploads\/2025\/02\/guillaume-kinesio-kinesiologie-nevers-15-683x1024.jpeg 683w, https:\/\/guillaume-kinesio.com\/wp-content\/uploads\/2025\/02\/guillaume-kinesio-kinesiologie-nevers-15-200x300.jpeg 200w, https:\/\/guillaume-kinesio.com\/wp-content\/uploads\/2025\/02\/guillaume-kinesio-kinesiologie-nevers-15-768x1152.jpeg 768w, https:\/\/guillaume-kinesio.com\/wp-content\/uploads\/2025\/02\/guillaume-kinesio-kinesiologie-nevers-15-1024x1536.jpeg 1024w, https:\/\/guillaume-kinesio.com\/wp-content\/uploads\/2025\/02\/guillaume-kinesio-kinesiologie-nevers-15-1365x2048.jpeg 1365w, https:\/\/guillaume-kinesio.com\/wp-content\/uploads\/2025\/02\/guillaume-kinesio-kinesiologie-nevers-15-scaled.jpeg 1707w\" sizes=\"(max-width: 683px) 100vw, 683px\" \/>\t\t\t\t\t\t\t\t\t\t\t\t\t\t\t<\/div>\n\t\t\t\t<\/div>\n\t\t\t\t\t<\/div>\n\t\t\t\t<\/div>\n\t\t<div class=\"elementor-element elementor-element-b8fb2ba e-con-full e-flex e-con e-parent\" data-id=\"b8fb2ba\" data-element_type=\"container\" data-e-type=\"container\">\n\t\t\t\t<div class=\"elementor-element elementor-element-1c6e87b elementor-widget elementor-widget-text-editor\" data-id=\"1c6e87b\" data-element_type=\"widget\" data-e-type=\"widget\" data-widget_type=\"text-editor.default\">\n\t\t\t\t<div class=\"elementor-widget-container\">\n\t\t\t\t\t\t\t\t\t<p>Apr\u00e8s plus de quinze ann\u00e9es pass\u00e9es dans l&rsquo;industrie, j&rsquo;ai (enfin) pass\u00e9 le cap de m&rsquo;\u00e9couter pour aller vers une activit\u00e9 qui avait plus de sens pour moi.\u00a0<\/p><p>Ma rencontre avec la kin\u00e9siologie s&rsquo;est faite un peu par hasard et c&rsquo;est en d\u00e9couvrant davantage cette approche globale de l&rsquo;\u00eatre humain et toutes ses possibilit\u00e9s, que je me suis rendu compte naturellement qu&rsquo;elle cochait beaucoup de cases de ce vers quoi je tendais d\u00e9sormais : une activit\u00e9 utile aux autres et bienveillante, qui consid\u00e8re la personne \u00e0 la fois dans ses aspects physique, \u00e9motionnel et mental.<\/p>\t\t\t\t\t\t\t\t<\/div>\n\t\t\t\t<\/div>\n\t\t\t\t<div class=\"elementor-element elementor-element-74cba09 elementor-widget elementor-widget-text-editor\" data-id=\"74cba09\" data-element_type=\"widget\" data-e-type=\"widget\" data-widget_type=\"text-editor.default\">\n\t\t\t\t<div class=\"elementor-widget-container\">\n\t\t\t\t\t\t\t\t\t<p>Ayant valid\u00e9 une formation approfondie de plus d&rsquo;un an au sein de l&rsquo;Ecole de Kin\u00e9siologie du Sport, j\u2019ai acquis les comp\u00e9tences n\u00e9cessaires pour vous accompagner dans des probl\u00e9matiques vari\u00e9es, qu\u2019il s\u2019agisse de gestion du stress, d\u2019am\u00e9lioration des performances sportives ou de soulagement des tensions physiques &#8230;<\/p><p>Pour cela, je dispose de nombreux outils comme par exemple la Sant\u00e9 par le Toucher, l&rsquo;Edu-Kin\u00e9siologie (Brain Gym), les R\u00e9flexes Archa\u00efques, le protocole Hyperton&rsquo;X ou encore le taping kin\u00e9siologique, &#8230;<\/p><p>Toutes ces m\u00e9thodes ne sont <b>pas r\u00e9serv\u00e9es exclusivement aux sportifs<\/b> et j&rsquo;ai \u00e0 coeur de pouvoir permettre \u00e0 chaque personne soucieuse de son mieux-\u00eatre d&rsquo;aller de l&rsquo;avant.<\/p>\t\t\t\t\t\t\t\t<\/div>\n\t\t\t\t<\/div>\n\t\t\t\t<div class=\"elementor-element elementor-element-9b0f26e elementor-widget elementor-widget-text-editor\" data-id=\"9b0f26e\" data-element_type=\"widget\" data-e-type=\"widget\" data-widget_type=\"text-editor.default\">\n\t\t\t\t<div class=\"elementor-widget-container\">\n\t\t\t\t\t\t\t\t\t<p>Mon approche repose sur des valeurs essentielles : la bienveillance, l\u2019\u00e9coute, le respect et le non-jugement. Chaque personne est unique, et j\u2019ai \u00e0 c\u0153ur de proposer un accompagnement adapt\u00e9 \u00e0 vos besoins.<\/p>\t\t\t\t\t\t\t\t<\/div>\n\t\t\t\t<\/div>\n\t\t\t\t<div class=\"elementor-element elementor-element-1fa197b elementor-widget elementor-widget-text-editor\" data-id=\"1fa197b\" data-element_type=\"widget\" data-e-type=\"widget\" data-widget_type=\"text-editor.default\">\n\t\t\t\t<div class=\"elementor-widget-container\">\n\t\t\t\t\t\t\t\t\t<p><span style=\"font-size: 14px; color: var( --e-global-color-text ); text-align: var(--text-align);\">Au sein d&rsquo;une soci\u00e9t\u00e9 qui peut parfois se d\u00e9shumaniser, remettre le bien-\u00eatre des femmes et des hommes au coeur des pr\u00e9occupations me semble important. C&rsquo;est avec cet objectif que je vous accompagnerai pour mieux \u00e9couter votre corps et retrouver un \u00e9quilibre global.<\/span><\/p>\t\t\t\t\t\t\t\t<\/div>\n\t\t\t\t<\/div>\n\t\t\t\t<div class=\"elementor-element elementor-element-7f55b8e elementor-widget elementor-widget-text-editor\" data-id=\"7f55b8e\" data-element_type=\"widget\" data-e-type=\"widget\" data-widget_type=\"text-editor.default\">\n\t\t\t\t<div class=\"elementor-widget-container\">\n\t\t\t\t\t\t\t\t\t<p><b>Pratiquant amateur de diff\u00e9rents sports depuis mon plus jeune \u00e2ge, je suis intimement convaincu de l&rsquo;importance de la pratique sportive pour le bien-\u00eatre physique et mental, et aussi pour toutes les valeurs v\u00e9hicul\u00e9es, importantes au quotidien.<\/b><\/p>\t\t\t\t\t\t\t\t<\/div>\n\t\t\t\t<\/div>\n\t\t\t\t<div class=\"elementor-element elementor-element-25439e0 elementor-widget elementor-widget-image\" data-id=\"25439e0\" data-element_type=\"widget\" data-e-type=\"widget\" data-widget_type=\"image.default\">\n\t\t\t\t<div class=\"elementor-widget-container\">\n\t\t\t\t\t\t\t\t\t\t\t\t\t\t\t<img decoding=\"async\" width=\"683\" height=\"1024\" src=\"https:\/\/guillaume-kinesio.com\/wp-content\/uploads\/2025\/02\/guillaume-kinesio-kinesiologie-nevers-12-683x1024.jpeg\" class=\"attachment-large size-large wp-image-616\" alt=\"\" srcset=\"https:\/\/guillaume-kinesio.com\/wp-content\/uploads\/2025\/02\/guillaume-kinesio-kinesiologie-nevers-12-683x1024.jpeg 683w, https:\/\/guillaume-kinesio.com\/wp-content\/uploads\/2025\/02\/guillaume-kinesio-kinesiologie-nevers-12-200x300.jpeg 200w, https:\/\/guillaume-kinesio.com\/wp-content\/uploads\/2025\/02\/guillaume-kinesio-kinesiologie-nevers-12-768x1152.jpeg 768w, https:\/\/guillaume-kinesio.com\/wp-content\/uploads\/2025\/02\/guillaume-kinesio-kinesiologie-nevers-12-1024x1536.jpeg 1024w, https:\/\/guillaume-kinesio.com\/wp-content\/uploads\/2025\/02\/guillaume-kinesio-kinesiologie-nevers-12-1365x2048.jpeg 1365w, https:\/\/guillaume-kinesio.com\/wp-content\/uploads\/2025\/02\/guillaume-kinesio-kinesiologie-nevers-12-scaled.jpeg 1707w\" sizes=\"(max-width: 683px) 100vw, 683px\" \/>\t\t\t\t\t\t\t\t\t\t\t\t\t\t\t<\/div>\n\t\t\t\t<\/div>\n\t\t\t\t<div class=\"elementor-element elementor-element-01ff2ef elementor-widget elementor-widget-text-editor\" data-id=\"01ff2ef\" data-element_type=\"widget\" data-e-type=\"widget\" data-widget_type=\"text-editor.default\">\n\t\t\t\t<div class=\"elementor-widget-container\">\n\t\t\t\t\t\t\t\t\t<p>Je serai ravi de vous accueillir et de vous accompagner dans votre d\u00e9marche de mieux-\u00eatre.<\/p><p>N\u2019h\u00e9sitez pas \u00e0 me contacter pour toute question ou pour convenir d\u2019un premier rendez-vous.<\/p><p>Adresse du cabinet : Maison de Sant\u00e9 Pluridisciplinaire de Sermoise-sur-Loire (58)<\/p>\t\t\t\t\t\t\t\t<\/div>\n\t\t\t\t<\/div>\n\t\t\t\t<\/div>\n\t\t<div class=\"elementor-element elementor-element-a6ccc89 e-flex e-con-boxed e-con e-parent\" data-id=\"a6ccc89\" data-element_type=\"container\" data-e-type=\"container\">\n\t\t\t\t\t<div class=\"e-con-inner\">\n\t\t\t\t<div class=\"elementor-element elementor-element-5b70c99 elementor-widget elementor-widget-text-editor\" data-id=\"5b70c99\" data-element_type=\"widget\" data-e-type=\"widget\" data-widget_type=\"text-editor.default\">\n\t\t\t\t<div class=\"elementor-widget-container\">\n\t\t\t\t\t\t\t\t\t<p>D\u00e9couvrez la <a href=\"https:\/\/guillaume-kinesio.com\/index.php\/kinesiologie-humaine-nevers\/\">kin\u00e9siologie humaine<\/a> et la <a href=\"https:\/\/guillaume-kinesio.com\/index.php\/kinesiologie-du-sport-nevers\/\">kin\u00e9siologie du sport<\/a> !<\/p>\t\t\t\t\t\t\t\t<\/div>\n\t\t\t\t<\/div>\n\t\t\t\t<div class=\"elementor-element elementor-element-630d048 elementor-align-center elementor-widget elementor-widget-button\" data-id=\"630d048\" data-element_type=\"widget\" data-e-type=\"widget\" data-widget_type=\"button.default\">\n\t\t\t\t<div class=\"elementor-widget-container\">\n\t\t\t\t\t\t\t\t\t<div class=\"elementor-button-wrapper\">\n\t\t\t\t\t<a class=\"elementor-button elementor-button-link elementor-size-sm\" href=\"https:\/\/guillaume-kinesio.com\/index.php\/contact-kinesiologue-nevers\/\">\n\t\t\t\t\t\t<span class=\"elementor-button-content-wrapper\">\n\t\t\t\t\t\t\t\t\t<span class=\"elementor-button-text\">Contactez-moi<\/span>\n\t\t\t\t\t<\/span>\n\t\t\t\t\t<\/a>\n\t\t\t\t<\/div>\n\t\t\t\t\t\t\t\t<\/div>\n\t\t\t\t<\/div>\n\t\t\t\t\t<\/div>\n\t\t\t\t<\/div>\n\t\t\t\t<\/div>\n\t\t","protected":false},"excerpt":{"rendered":"<p>Guillaume VAUZELLEKin\u00e9siologue certifi\u00e9 &#8211; Nevers (58) Praticien en r\u00e9flexologie cr\u00e2nio-sacr\u00e9e Apr\u00e8s plus de quinze ann\u00e9es pass\u00e9es dans l&rsquo;industrie, j&rsquo;ai (enfin) pass\u00e9 le cap de m&rsquo;\u00e9couter pour aller vers une activit\u00e9 qui avait plus de sens pour moi.\u00a0 Ma rencontre avec la kin\u00e9siologie s&rsquo;est faite un peu par hasard et c&rsquo;est en d\u00e9couvrant davantage cette approche [&hellip;]<\/p>\n","protected":false},"author":1,"featured_media":0,"parent":0,"menu_order":0,"comment_status":"closed","ping_status":"closed","template":"","meta":{"ocean_post_layout":"","ocean_both_sidebars_style":"","ocean_both_sidebars_content_width":0,"ocean_both_sidebars_sidebars_width":0,"ocean_sidebar":"","ocean_second_sidebar":"","ocean_disable_margins":"enable","ocean_add_body_class":"","ocean_shortcode_before_top_bar":"","ocean_shortcode_after_top_bar":"","ocean_shortcode_before_header":"","ocean_shortcode_after_header":"","ocean_has_shortcode":"","ocean_shortcode_after_title":"","ocean_shortcode_before_footer_widgets":"","ocean_shortcode_after_footer_widgets":"","ocean_shortcode_before_footer_bottom":"","ocean_shortcode_after_footer_bottom":"","ocean_display_top_bar":"default","ocean_display_header":"default","ocean_header_style":"","ocean_center_header_left_menu":"","ocean_custom_header_template":"","ocean_custom_logo":0,"ocean_custom_retina_logo":0,"ocean_custom_logo_max_width":0,"ocean_custom_logo_tablet_max_width":0,"ocean_custom_logo_mobile_max_width":0,"ocean_custom_logo_max_height":0,"ocean_custom_logo_tablet_max_height":0,"ocean_custom_logo_mobile_max_height":0,"ocean_header_custom_menu":"","ocean_menu_typo_font_family":"","ocean_menu_typo_font_subset":"","ocean_menu_typo_font_size":0,"ocean_menu_typo_font_size_tablet":0,"ocean_menu_typo_font_size_mobile":0,"ocean_menu_typo_font_size_unit":"px","ocean_menu_typo_font_weight":"","ocean_menu_typo_font_weight_tablet":"","ocean_menu_typo_font_weight_mobile":"","ocean_menu_typo_transform":"","ocean_menu_typo_transform_tablet":"","ocean_menu_typo_transform_mobile":"","ocean_menu_typo_line_height":0,"ocean_menu_typo_line_height_tablet":0,"ocean_menu_typo_line_height_mobile":0,"ocean_menu_typo_line_height_unit":"","ocean_menu_typo_spacing":0,"ocean_menu_typo_spacing_tablet":0,"ocean_menu_typo_spacing_mobile":0,"ocean_menu_typo_spacing_unit":"","ocean_menu_link_color":"","ocean_menu_link_color_hover":"","ocean_menu_link_color_active":"","ocean_menu_link_background":"","ocean_menu_link_hover_background":"","ocean_menu_link_active_background":"","ocean_menu_social_links_bg":"","ocean_menu_social_hover_links_bg":"","ocean_menu_social_links_color":"","ocean_menu_social_hover_links_color":"","ocean_disable_title":"default","ocean_disable_heading":"default","ocean_post_title":"","ocean_post_subheading":"","ocean_post_title_style":"","ocean_post_title_background_color":"","ocean_post_title_background":0,"ocean_post_title_bg_image_position":"","ocean_post_title_bg_image_attachment":"","ocean_post_title_bg_image_repeat":"","ocean_post_title_bg_image_size":"","ocean_post_title_height":0,"ocean_post_title_bg_overlay":0.5,"ocean_post_title_bg_overlay_color":"","ocean_disable_breadcrumbs":"default","ocean_breadcrumbs_color":"","ocean_breadcrumbs_separator_color":"","ocean_breadcrumbs_links_color":"","ocean_breadcrumbs_links_hover_color":"","ocean_display_footer_widgets":"default","ocean_display_footer_bottom":"default","ocean_custom_footer_template":"","footnotes":""},"class_list":["post-20","page","type-page","status-publish","hentry","entry"],"yoast_head":"<!-- This site is optimized with the Yoast SEO plugin v27.3 - https:\/\/yoast.com\/product\/yoast-seo-wordpress\/ -->\n<title>Pr\u00e9sentation - Guillaume Kin\u00e9sio<\/title>\n<meta name=\"description\" content=\"Guillaume VAUZELLE, votre kinesiologue &amp; praticien en r\u00e9flexologie cr\u00e2nio-sacr\u00e9e \u00e0 Nevers et environs (58)\" \/>\n<meta name=\"robots\" content=\"index, follow, max-snippet:-1, max-image-preview:large, max-video-preview:-1\" \/>\n<link rel=\"canonical\" href=\"https:\/\/guillaume-kinesio.com\/index.php\/kinesiologue-nevers-presentation\/\" \/>\n<meta property=\"og:locale\" content=\"fr_FR\" \/>\n<meta property=\"og:type\" content=\"article\" \/>\n<meta property=\"og:title\" content=\"Pr\u00e9sentation - Guillaume Kin\u00e9sio\" \/>\n<meta property=\"og:description\" content=\"Guillaume VAUZELLE, votre kinesiologue &amp; praticien en r\u00e9flexologie cr\u00e2nio-sacr\u00e9e \u00e0 Nevers et environs (58)\" \/>\n<meta property=\"og:url\" content=\"https:\/\/guillaume-kinesio.com\/index.php\/kinesiologue-nevers-presentation\/\" \/>\n<meta property=\"og:site_name\" content=\"Guillaume Kin\u00e9sio\" \/>\n<meta property=\"article:publisher\" content=\"https:\/\/www.facebook.com\/people\/Guillaume-Kinsio\/61567199947695\/\" \/>\n<meta property=\"article:modified_time\" content=\"2025-03-22T15:03:05+00:00\" \/>\n<meta property=\"og:image\" content=\"http:\/\/guillaume-kinesio.com\/wp-content\/uploads\/2025\/02\/guillaume-kinesio-kinesiologie-nevers-15-683x1024.jpeg\" \/>\n<meta name=\"twitter:card\" content=\"summary_large_image\" \/>\n<meta name=\"twitter:label1\" content=\"Dur\u00e9e de lecture estim\u00e9e\" \/>\n\t<meta name=\"twitter:data1\" content=\"3 minutes\" \/>\n<script type=\"application\/ld+json\" class=\"yoast-schema-graph\">{\"@context\":\"https:\\\/\\\/schema.org\",\"@graph\":[{\"@type\":\"WebPage\",\"@id\":\"https:\\\/\\\/guillaume-kinesio.com\\\/index.php\\\/kinesiologue-nevers-presentation\\\/\",\"url\":\"https:\\\/\\\/guillaume-kinesio.com\\\/index.php\\\/kinesiologue-nevers-presentation\\\/\",\"name\":\"Pr\u00e9sentation - Guillaume Kin\u00e9sio\",\"isPartOf\":{\"@id\":\"https:\\\/\\\/guillaume-kinesio.com\\\/#website\"},\"primaryImageOfPage\":{\"@id\":\"https:\\\/\\\/guillaume-kinesio.com\\\/index.php\\\/kinesiologue-nevers-presentation\\\/#primaryimage\"},\"image\":{\"@id\":\"https:\\\/\\\/guillaume-kinesio.com\\\/index.php\\\/kinesiologue-nevers-presentation\\\/#primaryimage\"},\"thumbnailUrl\":\"http:\\\/\\\/guillaume-kinesio.com\\\/wp-content\\\/uploads\\\/2025\\\/02\\\/guillaume-kinesio-kinesiologie-nevers-15-683x1024.jpeg\",\"datePublished\":\"2024-11-18T09:21:44+00:00\",\"dateModified\":\"2025-03-22T15:03:05+00:00\",\"description\":\"Guillaume VAUZELLE, votre kinesiologue & praticien en r\u00e9flexologie cr\u00e2nio-sacr\u00e9e \u00e0 Nevers et environs (58)\",\"breadcrumb\":{\"@id\":\"https:\\\/\\\/guillaume-kinesio.com\\\/index.php\\\/kinesiologue-nevers-presentation\\\/#breadcrumb\"},\"inLanguage\":\"fr-FR\",\"potentialAction\":[{\"@type\":\"ReadAction\",\"target\":[\"https:\\\/\\\/guillaume-kinesio.com\\\/index.php\\\/kinesiologue-nevers-presentation\\\/\"]}]},{\"@type\":\"ImageObject\",\"inLanguage\":\"fr-FR\",\"@id\":\"https:\\\/\\\/guillaume-kinesio.com\\\/index.php\\\/kinesiologue-nevers-presentation\\\/#primaryimage\",\"url\":\"http:\\\/\\\/guillaume-kinesio.com\\\/wp-content\\\/uploads\\\/2025\\\/02\\\/guillaume-kinesio-kinesiologie-nevers-15-683x1024.jpeg\",\"contentUrl\":\"http:\\\/\\\/guillaume-kinesio.com\\\/wp-content\\\/uploads\\\/2025\\\/02\\\/guillaume-kinesio-kinesiologie-nevers-15-683x1024.jpeg\"},{\"@type\":\"BreadcrumbList\",\"@id\":\"https:\\\/\\\/guillaume-kinesio.com\\\/index.php\\\/kinesiologue-nevers-presentation\\\/#breadcrumb\",\"itemListElement\":[{\"@type\":\"ListItem\",\"position\":1,\"name\":\"Home\",\"item\":\"https:\\\/\\\/guillaume-kinesio.com\\\/\"},{\"@type\":\"ListItem\",\"position\":2,\"name\":\"Pr\u00e9sentation\"}]},{\"@type\":\"WebSite\",\"@id\":\"https:\\\/\\\/guillaume-kinesio.com\\\/#website\",\"url\":\"https:\\\/\\\/guillaume-kinesio.com\\\/\",\"name\":\"Guillaume Kin\u00e9sio\",\"description\":\"Guillaume, kin\u00e9siologue \u00e0 Nevers (58)\",\"publisher\":{\"@id\":\"https:\\\/\\\/guillaume-kinesio.com\\\/#organization\"},\"potentialAction\":[{\"@type\":\"SearchAction\",\"target\":{\"@type\":\"EntryPoint\",\"urlTemplate\":\"https:\\\/\\\/guillaume-kinesio.com\\\/?s={search_term_string}\"},\"query-input\":{\"@type\":\"PropertyValueSpecification\",\"valueRequired\":true,\"valueName\":\"search_term_string\"}}],\"inLanguage\":\"fr-FR\"},{\"@type\":\"Organization\",\"@id\":\"https:\\\/\\\/guillaume-kinesio.com\\\/#organization\",\"name\":\"Guillaume Kin\u00e9sio\",\"url\":\"https:\\\/\\\/guillaume-kinesio.com\\\/\",\"logo\":{\"@type\":\"ImageObject\",\"inLanguage\":\"fr-FR\",\"@id\":\"https:\\\/\\\/guillaume-kinesio.com\\\/#\\\/schema\\\/logo\\\/image\\\/\",\"url\":\"https:\\\/\\\/guillaume-kinesio.com\\\/wp-content\\\/uploads\\\/2024\\\/11\\\/logo-guillaume-kinesiologie.png\",\"contentUrl\":\"https:\\\/\\\/guillaume-kinesio.com\\\/wp-content\\\/uploads\\\/2024\\\/11\\\/logo-guillaume-kinesiologie.png\",\"width\":4469,\"height\":1244,\"caption\":\"Guillaume Kin\u00e9sio\"},\"image\":{\"@id\":\"https:\\\/\\\/guillaume-kinesio.com\\\/#\\\/schema\\\/logo\\\/image\\\/\"},\"sameAs\":[\"https:\\\/\\\/www.facebook.com\\\/people\\\/Guillaume-Kinsio\\\/61567199947695\\\/\",\"https:\\\/\\\/www.instagram.com\\\/guillaume.kinesiologue\\\/profilecard\\\/?igsh=OWY1eDl2bDJ0ZnB2\"]}]}<\/script>\n<!-- \/ Yoast SEO plugin. -->","yoast_head_json":{"title":"Pr\u00e9sentation - Guillaume Kin\u00e9sio","description":"Guillaume VAUZELLE, votre kinesiologue & praticien en r\u00e9flexologie cr\u00e2nio-sacr\u00e9e \u00e0 Nevers et environs (58)","robots":{"index":"index","follow":"follow","max-snippet":"max-snippet:-1","max-image-preview":"max-image-preview:large","max-video-preview":"max-video-preview:-1"},"canonical":"https:\/\/guillaume-kinesio.com\/index.php\/kinesiologue-nevers-presentation\/","og_locale":"fr_FR","og_type":"article","og_title":"Pr\u00e9sentation - Guillaume Kin\u00e9sio","og_description":"Guillaume VAUZELLE, votre kinesiologue & praticien en r\u00e9flexologie cr\u00e2nio-sacr\u00e9e \u00e0 Nevers et environs (58)","og_url":"https:\/\/guillaume-kinesio.com\/index.php\/kinesiologue-nevers-presentation\/","og_site_name":"Guillaume Kin\u00e9sio","article_publisher":"https:\/\/www.facebook.com\/people\/Guillaume-Kinsio\/61567199947695\/","article_modified_time":"2025-03-22T15:03:05+00:00","og_image":[{"url":"http:\/\/guillaume-kinesio.com\/wp-content\/uploads\/2025\/02\/guillaume-kinesio-kinesiologie-nevers-15-683x1024.jpeg","type":"","width":"","height":""}],"twitter_card":"summary_large_image","twitter_misc":{"Dur\u00e9e de lecture estim\u00e9e":"3 minutes"},"schema":{"@context":"https:\/\/schema.org","@graph":[{"@type":"WebPage","@id":"https:\/\/guillaume-kinesio.com\/index.php\/kinesiologue-nevers-presentation\/","url":"https:\/\/guillaume-kinesio.com\/index.php\/kinesiologue-nevers-presentation\/","name":"Pr\u00e9sentation - Guillaume Kin\u00e9sio","isPartOf":{"@id":"https:\/\/guillaume-kinesio.com\/#website"},"primaryImageOfPage":{"@id":"https:\/\/guillaume-kinesio.com\/index.php\/kinesiologue-nevers-presentation\/#primaryimage"},"image":{"@id":"https:\/\/guillaume-kinesio.com\/index.php\/kinesiologue-nevers-presentation\/#primaryimage"},"thumbnailUrl":"http:\/\/guillaume-kinesio.com\/wp-content\/uploads\/2025\/02\/guillaume-kinesio-kinesiologie-nevers-15-683x1024.jpeg","datePublished":"2024-11-18T09:21:44+00:00","dateModified":"2025-03-22T15:03:05+00:00","description":"Guillaume VAUZELLE, votre kinesiologue & praticien en r\u00e9flexologie cr\u00e2nio-sacr\u00e9e \u00e0 Nevers et environs (58)","breadcrumb":{"@id":"https:\/\/guillaume-kinesio.com\/index.php\/kinesiologue-nevers-presentation\/#breadcrumb"},"inLanguage":"fr-FR","potentialAction":[{"@type":"ReadAction","target":["https:\/\/guillaume-kinesio.com\/index.php\/kinesiologue-nevers-presentation\/"]}]},{"@type":"ImageObject","inLanguage":"fr-FR","@id":"https:\/\/guillaume-kinesio.com\/index.php\/kinesiologue-nevers-presentation\/#primaryimage","url":"http:\/\/guillaume-kinesio.com\/wp-content\/uploads\/2025\/02\/guillaume-kinesio-kinesiologie-nevers-15-683x1024.jpeg","contentUrl":"http:\/\/guillaume-kinesio.com\/wp-content\/uploads\/2025\/02\/guillaume-kinesio-kinesiologie-nevers-15-683x1024.jpeg"},{"@type":"BreadcrumbList","@id":"https:\/\/guillaume-kinesio.com\/index.php\/kinesiologue-nevers-presentation\/#breadcrumb","itemListElement":[{"@type":"ListItem","position":1,"name":"Home","item":"https:\/\/guillaume-kinesio.com\/"},{"@type":"ListItem","position":2,"name":"Pr\u00e9sentation"}]},{"@type":"WebSite","@id":"https:\/\/guillaume-kinesio.com\/#website","url":"https:\/\/guillaume-kinesio.com\/","name":"Guillaume Kin\u00e9sio","description":"Guillaume, kin\u00e9siologue \u00e0 Nevers (58)","publisher":{"@id":"https:\/\/guillaume-kinesio.com\/#organization"},"potentialAction":[{"@type":"SearchAction","target":{"@type":"EntryPoint","urlTemplate":"https:\/\/guillaume-kinesio.com\/?s={search_term_string}"},"query-input":{"@type":"PropertyValueSpecification","valueRequired":true,"valueName":"search_term_string"}}],"inLanguage":"fr-FR"},{"@type":"Organization","@id":"https:\/\/guillaume-kinesio.com\/#organization","name":"Guillaume Kin\u00e9sio","url":"https:\/\/guillaume-kinesio.com\/","logo":{"@type":"ImageObject","inLanguage":"fr-FR","@id":"https:\/\/guillaume-kinesio.com\/#\/schema\/logo\/image\/","url":"https:\/\/guillaume-kinesio.com\/wp-content\/uploads\/2024\/11\/logo-guillaume-kinesiologie.png","contentUrl":"https:\/\/guillaume-kinesio.com\/wp-content\/uploads\/2024\/11\/logo-guillaume-kinesiologie.png","width":4469,"height":1244,"caption":"Guillaume Kin\u00e9sio"},"image":{"@id":"https:\/\/guillaume-kinesio.com\/#\/schema\/logo\/image\/"},"sameAs":["https:\/\/www.facebook.com\/people\/Guillaume-Kinsio\/61567199947695\/","https:\/\/www.instagram.com\/guillaume.kinesiologue\/profilecard\/?igsh=OWY1eDl2bDJ0ZnB2"]}]}},"_links":{"self":[{"href":"https:\/\/guillaume-kinesio.com\/index.php\/wp-json\/wp\/v2\/pages\/20","targetHints":{"allow":["GET"]}}],"collection":[{"href":"https:\/\/guillaume-kinesio.com\/index.php\/wp-json\/wp\/v2\/pages"}],"about":[{"href":"https:\/\/guillaume-kinesio.com\/index.php\/wp-json\/wp\/v2\/types\/page"}],"author":[{"embeddable":true,"href":"https:\/\/guillaume-kinesio.com\/index.php\/wp-json\/wp\/v2\/users\/1"}],"replies":[{"embeddable":true,"href":"https:\/\/guillaume-kinesio.com\/index.php\/wp-json\/wp\/v2\/comments?post=20"}],"version-history":[{"count":68,"href":"https:\/\/guillaume-kinesio.com\/index.php\/wp-json\/wp\/v2\/pages\/20\/revisions"}],"predecessor-version":[{"id":846,"href":"https:\/\/guillaume-kinesio.com\/index.php\/wp-json\/wp\/v2\/pages\/20\/revisions\/846"}],"wp:attachment":[{"href":"https:\/\/guillaume-kinesio.com\/index.php\/wp-json\/wp\/v2\/media?parent=20"}],"curies":[{"name":"wp","href":"https:\/\/api.w.org\/{rel}","templated":true}]}}