{"id":26,"date":"2024-11-18T10:21:45","date_gmt":"2024-11-18T09:21:45","guid":{"rendered":"http:\/\/guillaume-kinesio.com\/?page_id=26"},"modified":"2025-10-07T14:37:34","modified_gmt":"2025-10-07T12:37:34","slug":"contact-kinesiologue-nevers","status":"publish","type":"page","link":"https:\/\/guillaume-kinesio.com\/index.php\/contact-kinesiologue-nevers\/","title":{"rendered":"Contact"},"content":{"rendered":"\t\t<div data-elementor-type=\"wp-page\" data-elementor-id=\"26\" class=\"elementor elementor-26\">\n\t\t\t\t<div class=\"elementor-element elementor-element-930ec58 e-flex e-con-boxed e-con e-parent\" data-id=\"930ec58\" data-element_type=\"container\" data-e-type=\"container\">\n\t\t\t\t\t<div class=\"e-con-inner\">\n\t\t\t\t<div class=\"elementor-element elementor-element-e5776e7 elementor-widget elementor-widget-heading\" data-id=\"e5776e7\" data-element_type=\"widget\" data-e-type=\"widget\" data-widget_type=\"heading.default\">\n\t\t\t\t<div class=\"elementor-widget-container\">\n\t\t\t\t\t<h1 class=\"elementor-heading-title elementor-size-default\">Envie de prendre rendez-vous ? <br>Mon cabinet se situe \u00e0 proximit\u00e9 de Nevers (58)<\/h1>\t\t\t\t<\/div>\n\t\t\t\t<\/div>\n\t\t\t\t<div class=\"elementor-element elementor-element-729b33b elementor-align-center elementor-widget elementor-widget-button\" data-id=\"729b33b\" data-element_type=\"widget\" data-e-type=\"widget\" data-widget_type=\"button.default\">\n\t\t\t\t<div class=\"elementor-widget-container\">\n\t\t\t\t\t\t\t\t\t<div class=\"elementor-button-wrapper\">\n\t\t\t\t\t<a class=\"elementor-button elementor-button-link elementor-size-sm\" href=\"https:\/\/www.resalib.fr\/praticien\/101925-guillaume-vauzelle-kinesiologue-sermoise-sur-loire#newrdvmodal\">\n\t\t\t\t\t\t<span class=\"elementor-button-content-wrapper\">\n\t\t\t\t\t\t<span class=\"elementor-button-icon\">\n\t\t\t\t<svg aria-hidden=\"true\" class=\"e-font-icon-svg e-fas-calendar-alt\" viewBox=\"0 0 448 512\" xmlns=\"http:\/\/www.w3.org\/2000\/svg\"><path d=\"M0 464c0 26.5 21.5 48 48 48h352c26.5 0 48-21.5 48-48V192H0v272zm320-196c0-6.6 5.4-12 12-12h40c6.6 0 12 5.4 12 12v40c0 6.6-5.4 12-12 12h-40c-6.6 0-12-5.4-12-12v-40zm0 128c0-6.6 5.4-12 12-12h40c6.6 0 12 5.4 12 12v40c0 6.6-5.4 12-12 12h-40c-6.6 0-12-5.4-12-12v-40zM192 268c0-6.6 5.4-12 12-12h40c6.6 0 12 5.4 12 12v40c0 6.6-5.4 12-12 12h-40c-6.6 0-12-5.4-12-12v-40zm0 128c0-6.6 5.4-12 12-12h40c6.6 0 12 5.4 12 12v40c0 6.6-5.4 12-12 12h-40c-6.6 0-12-5.4-12-12v-40zM64 268c0-6.6 5.4-12 12-12h40c6.6 0 12 5.4 12 12v40c0 6.6-5.4 12-12 12H76c-6.6 0-12-5.4-12-12v-40zm0 128c0-6.6 5.4-12 12-12h40c6.6 0 12 5.4 12 12v40c0 6.6-5.4 12-12 12H76c-6.6 0-12-5.4-12-12v-40zM400 64h-48V16c0-8.8-7.2-16-16-16h-32c-8.8 0-16 7.2-16 16v48H160V16c0-8.8-7.2-16-16-16h-32c-8.8 0-16 7.2-16 16v48H48C21.5 64 0 85.5 0 112v48h448v-48c0-26.5-21.5-48-48-48z\"><\/path><\/svg>\t\t\t<\/span>\n\t\t\t\t\t\t\t\t\t<span class=\"elementor-button-text\">Prendre rdv en ligne<\/span>\n\t\t\t\t\t<\/span>\n\t\t\t\t\t<\/a>\n\t\t\t\t<\/div>\n\t\t\t\t\t\t\t\t<\/div>\n\t\t\t\t<\/div>\n\t\t\t\t\t<\/div>\n\t\t\t\t<\/div>\n\t\t<div class=\"elementor-element elementor-element-3da2ac5 e-grid e-con-boxed e-con e-parent\" data-id=\"3da2ac5\" data-element_type=\"container\" data-e-type=\"container\">\n\t\t\t\t\t<div class=\"e-con-inner\">\n\t\t\t\t<div class=\"elementor-element elementor-element-de3d6b7 elementor-widget elementor-widget-text-editor\" data-id=\"de3d6b7\" data-element_type=\"widget\" data-e-type=\"widget\" data-widget_type=\"text-editor.default\">\n\t\t\t\t<div class=\"elementor-widget-container\">\n\t\t\t\t\t\t\t\t\t<p>Prise de rendez-vous en ligne sur RESALIB via le bouton ci-dessus,<\/p><p>\u00a0Appel ou SMS au <a href=\"tel:0766723188\"><strong>07.66.72.31.88<\/strong><\/a>\u00a0,<\/p><p>Email \u00e0 : <a href=\"mailto:guillaume.kinesio@gmail.com\"><strong>guillaume.kinesio@gmail.com<\/strong><\/a>\u00a0,<\/p><p>Ou via le formulaire de contact<\/p><p><span style=\"text-decoration: underline;\">Horaires d&rsquo;ouverture :<\/span><\/p><p><strong>Du lundi au vendredi &#8211; <\/strong><strong>De 9h00 \u00e0 18h00<\/strong><\/p><p><strong>Le samedi &#8211; De 9h00 \u00e0 12h00<\/strong><\/p><p><span style=\"text-decoration: underline;\">Adresse du cabinet :<\/span><\/p><p><b>Maison de Sant\u00e9 Pluridisciplinaire<\/b><\/p><p><strong>Rue du Professeur Cabrol<\/strong><\/p><p><strong>58000 SERMOISE-SUR-LOIRE<\/strong><\/p>\t\t\t\t\t\t\t\t<\/div>\n\t\t\t\t<\/div>\n\t\t\t\t<div class=\"elementor-element elementor-element-471bca0 elementor-widget elementor-widget-formidable\" data-id=\"471bca0\" data-element_type=\"widget\" data-e-type=\"widget\" data-widget_type=\"formidable.default\">\n\t\t\t\t<div class=\"elementor-widget-container\">\n\t\t\t\t\t<div class=\"frm_forms  with_frm_style frm_style_style-formidable\" id=\"frm_form_2_container\" data-token=\"e7761506e31e45396138bd1f6af56b67\">\n<form enctype=\"multipart\/form-data\" method=\"post\" class=\"frm-show-form \" id=\"form_contact\" data-token=\"e7761506e31e45396138bd1f6af56b67\">\n<div class=\"frm_form_fields \">\n<fieldset>\n<legend class=\"frm_screen_reader\">Contact<\/legend>\r\n\r\n<div class=\"frm_fields_container\">\n<input type=\"hidden\" name=\"frm_action\" value=\"create\" \/>\n<input type=\"hidden\" name=\"form_id\" value=\"2\" \/>\n<input type=\"hidden\" name=\"frm_hide_fields_2\" id=\"frm_hide_fields_2\" value=\"\" \/>\n<input type=\"hidden\" name=\"form_key\" value=\"contact\" \/>\n<input type=\"hidden\" name=\"item_meta[0]\" value=\"\" \/>\n<input type=\"hidden\" id=\"frm_submit_entry_2\" name=\"frm_submit_entry_2\" value=\"e00bebc159\" \/><input type=\"hidden\" name=\"_wp_http_referer\" value=\"\/index.php\/wp-json\/wp\/v2\/pages\/26\" \/><div id=\"frm_field_8_container\" class=\"frm_form_field form-field  frm_required_field frm_top_container frm6 frm_first\">\r\n\t<label for=\"field_z33gp\" id=\"field_z33gp_label\" class=\"frm_primary_label\">Pr\u00e9nom\r\n\t\t<span class=\"frm_required\" aria-hidden=\"true\">*<\/span>\r\n\t<\/label>\r\n\t<input type=\"text\" id=\"field_z33gp\" name=\"item_meta[8]\" value=\"\"  data-reqmsg=\"Pr\u00e9nom ne peut pas \u00eatre vide.\" aria-required=\"true\" data-invmsg=\"Pr\u00e9nom est non valide\" aria-invalid=\"false\"  \/>\r\n\t\r\n\t\r\n<\/div>\n<div id=\"frm_field_7_container\" class=\"frm_form_field form-field  frm_required_field frm_top_container frm6\">\r\n\t<label for=\"field_12lxd\" id=\"field_12lxd_label\" class=\"frm_primary_label\">Nom\r\n\t\t<span class=\"frm_required\" aria-hidden=\"true\">*<\/span>\r\n\t<\/label>\r\n\t<input type=\"text\" id=\"field_12lxd\" name=\"item_meta[7]\" value=\"\"  data-reqmsg=\"Nom ne peut pas \u00eatre vide.\" aria-required=\"true\" data-invmsg=\"Nom est non valide\" aria-invalid=\"false\"  \/>\r\n\t\r\n\t\r\n<\/div>\n<div id=\"frm_field_9_container\" class=\"frm_form_field form-field  frm_required_field frm_top_container\">\r\n\t<label for=\"field_83xw1\" id=\"field_83xw1_label\" class=\"frm_primary_label\">Email\r\n\t\t<span class=\"frm_required\" aria-hidden=\"true\">*<\/span>\r\n\t<\/label>\r\n\t<input type=\"email\" id=\"field_83xw1\" name=\"item_meta[9]\" value=\"\"  data-reqmsg=\"Email ne peut pas \u00eatre vide.\" aria-required=\"true\" data-invmsg=\"Email est non valide\" aria-invalid=\"false\"  \/>\r\n\t\r\n\t\r\n<\/div>\n<div id=\"frm_field_10_container\" class=\"frm_form_field form-field  frm_required_field frm_top_container\">\r\n\t<label for=\"field_q8mf7\" id=\"field_q8mf7_label\" class=\"frm_primary_label\">Objet\r\n\t\t<span class=\"frm_required\" aria-hidden=\"true\">*<\/span>\r\n\t<\/label>\r\n\t<textarea name=\"item_meta[10]\" id=\"field_q8mf7\" rows=\"5\"  placeholder=\"R\u00e9digez votre message ici\" data-reqmsg=\"Objet ne peut pas \u00eatre vide.\" aria-required=\"true\" data-invmsg=\"Objet est non valide\" aria-invalid=\"false\"  ><\/textarea>\r\n\t\r\n\t\r\n<\/div>\n<div id=\"frm_field_6_container\" class=\"frm_form_field form-field \">\r\n\t<div class=\"frm_submit frm_flex\">\r\n<button class=\"frm_button_submit\" type=\"submit\"  >Envoyer<\/button>\r\n\r\n\r\n\r\n<\/div>\r\n<\/div>\n\t<input type=\"hidden\" name=\"item_key\" value=\"\" \/>\n\t\t\t<div id=\"frm_field_11_container\">\n\t\t\t<label for=\"field_ioioz\" >\n\t\t\t\tSi vous \u00eates un humain, ne remplissez pas ce champ.\t\t\t<\/label>\n\t\t\t<input  id=\"field_ioioz\" type=\"text\" class=\"frm_form_field form-field frm_verify\" name=\"item_meta[11]\" value=\"\"  \/>\n\t\t<\/div>\n\t\t<input name=\"frm_state\" type=\"hidden\" value=\"D39FoSePwywPc\/L6q5qEiUWBTc2B+qYOOrov2O1V2S4=\" \/><\/div>\n<\/fieldset>\n<\/div>\n\n<\/form>\n<\/div>\n\t\t\t\t<\/div>\n\t\t\t\t<\/div>\n\t\t\t\t\t<\/div>\n\t\t\t\t<\/div>\n\t\t<div class=\"elementor-element elementor-element-d631c3a e-flex e-con-boxed e-con e-parent\" data-id=\"d631c3a\" data-element_type=\"container\" data-e-type=\"container\">\n\t\t\t\t\t<div class=\"e-con-inner\">\n\t\t\t\t<div class=\"elementor-element elementor-element-7aa0fd6 elementor-widget elementor-widget-image\" data-id=\"7aa0fd6\" data-element_type=\"widget\" data-e-type=\"widget\" data-widget_type=\"image.default\">\n\t\t\t\t<div class=\"elementor-widget-container\">\n\t\t\t\t\t\t\t\t\t\t\t\t\t\t\t<img fetchpriority=\"high\" decoding=\"async\" width=\"1024\" height=\"768\" src=\"https:\/\/guillaume-kinesio.com\/wp-content\/uploads\/2025\/01\/Maison_sante_Sermoise_kinesiologie-1024x768.jpg\" class=\"attachment-large size-large wp-image-600\" alt=\"\" srcset=\"https:\/\/guillaume-kinesio.com\/wp-content\/uploads\/2025\/01\/Maison_sante_Sermoise_kinesiologie-1024x768.jpg 1024w, https:\/\/guillaume-kinesio.com\/wp-content\/uploads\/2025\/01\/Maison_sante_Sermoise_kinesiologie-300x225.jpg 300w, https:\/\/guillaume-kinesio.com\/wp-content\/uploads\/2025\/01\/Maison_sante_Sermoise_kinesiologie-768x576.jpg 768w, https:\/\/guillaume-kinesio.com\/wp-content\/uploads\/2025\/01\/Maison_sante_Sermoise_kinesiologie-1536x1152.jpg 1536w, https:\/\/guillaume-kinesio.com\/wp-content\/uploads\/2025\/01\/Maison_sante_Sermoise_kinesiologie-2048x1536.jpg 2048w\" sizes=\"(max-width: 1024px) 100vw, 1024px\" \/>\t\t\t\t\t\t\t\t\t\t\t\t\t\t\t<\/div>\n\t\t\t\t<\/div>\n\t\t\t\t<div class=\"elementor-element elementor-element-c019b42 elementor-widget elementor-widget-google_maps\" data-id=\"c019b42\" data-element_type=\"widget\" data-e-type=\"widget\" data-widget_type=\"google_maps.default\">\n\t\t\t\t<div class=\"elementor-widget-container\">\n\t\t\t\t\t\t\t<div class=\"elementor-custom-embed\">\n\t\t\t<iframe loading=\"lazy\"\n\t\t\t\t\tsrc=\"https:\/\/maps.google.com\/maps?q=rue%20du%20professeur%20cabrol%2058000%20Sermoise-sur-Loire&#038;t=m&#038;z=12&#038;output=embed&#038;iwloc=near\"\n\t\t\t\t\ttitle=\"rue du professeur cabrol 58000 Sermoise-sur-Loire\"\n\t\t\t\t\taria-label=\"rue du professeur cabrol 58000 Sermoise-sur-Loire\"\n\t\t\t><\/iframe>\n\t\t<\/div>\n\t\t\t\t\t\t<\/div>\n\t\t\t\t<\/div>\n\t\t\t\t\t<\/div>\n\t\t\t\t<\/div>\n\t\t<div class=\"elementor-element elementor-element-f9cd1ee e-flex e-con-boxed e-con e-parent\" data-id=\"f9cd1ee\" data-element_type=\"container\" data-e-type=\"container\">\n\t\t\t\t\t<div class=\"e-con-inner\">\n\t\t\t\t<div class=\"elementor-element elementor-element-647eb1a elementor-widget elementor-widget-text-editor\" data-id=\"647eb1a\" data-element_type=\"widget\" data-e-type=\"widget\" data-widget_type=\"text-editor.default\">\n\t\t\t\t<div class=\"elementor-widget-container\">\n\t\t\t\t\t\t\t\t\t<p><strong><a href=\"https:\/\/guillaume-kinesio.com\/index.php\/kinesiologue-nevers-presentation\/\">En savoir plus sur mon parcours<\/a><\/strong><\/p>\t\t\t\t\t\t\t\t<\/div>\n\t\t\t\t<\/div>\n\t\t\t\t<div class=\"elementor-element elementor-element-240fe21 elementor-widget elementor-widget-text-editor\" data-id=\"240fe21\" data-element_type=\"widget\" data-e-type=\"widget\" data-widget_type=\"text-editor.default\">\n\t\t\t\t<div class=\"elementor-widget-container\">\n\t\t\t\t\t\t\t\t\t<p><strong><a href=\"https:\/\/guillaume-kinesio.com\/index.php\/kinesiologie-humaine-nevers\/\">D\u00e9couvrez les bienfaits de la kin\u00e9siologie au quotidien !<\/a><\/strong><\/p>\t\t\t\t\t\t\t\t<\/div>\n\t\t\t\t<\/div>\n\t\t\t\t<div class=\"elementor-element elementor-element-70f3b84 elementor-widget elementor-widget-text-editor\" data-id=\"70f3b84\" data-element_type=\"widget\" data-e-type=\"widget\" data-widget_type=\"text-editor.default\">\n\t\t\t\t<div class=\"elementor-widget-container\">\n\t\t\t\t\t\t\t\t\t<p><strong><a href=\"https:\/\/guillaume-kinesio.com\/index.php\/kinesiologie-du-sport-nevers\/\">D\u00e9couvrez les bienfaits de la kin\u00e9siologie pour votre pratique sportive !<\/a><\/strong><\/p>\t\t\t\t\t\t\t\t<\/div>\n\t\t\t\t<\/div>\n\t\t\t\t\t<\/div>\n\t\t\t\t<\/div>\n\t\t\t\t<\/div>\n\t\t","protected":false},"excerpt":{"rendered":"<p>Envie de prendre rendez-vous ? Mon cabinet se situe \u00e0 proximit\u00e9 de Nevers (58) Prendre rdv en ligne Prise de rendez-vous en ligne sur RESALIB via le bouton ci-dessus, \u00a0Appel ou SMS au 07.66.72.31.88\u00a0, Email \u00e0 : guillaume.kinesio@gmail.com\u00a0, Ou via le formulaire de contact Horaires d&rsquo;ouverture : Du lundi au vendredi &#8211; De 9h00 \u00e0 [&hellip;]<\/p>\n","protected":false},"author":1,"featured_media":0,"parent":0,"menu_order":0,"comment_status":"closed","ping_status":"closed","template":"","meta":{"ocean_post_layout":"","ocean_both_sidebars_style":"","ocean_both_sidebars_content_width":0,"ocean_both_sidebars_sidebars_width":0,"ocean_sidebar":"","ocean_second_sidebar":"","ocean_disable_margins":"enable","ocean_add_body_class":"","ocean_shortcode_before_top_bar":"","ocean_shortcode_after_top_bar":"","ocean_shortcode_before_header":"","ocean_shortcode_after_header":"","ocean_has_shortcode":"","ocean_shortcode_after_title":"","ocean_shortcode_before_footer_widgets":"","ocean_shortcode_after_footer_widgets":"","ocean_shortcode_before_footer_bottom":"","ocean_shortcode_after_footer_bottom":"","ocean_display_top_bar":"default","ocean_display_header":"default","ocean_header_style":"","ocean_center_header_left_menu":"","ocean_custom_header_template":"","ocean_custom_logo":0,"ocean_custom_retina_logo":0,"ocean_custom_logo_max_width":0,"ocean_custom_logo_tablet_max_width":0,"ocean_custom_logo_mobile_max_width":0,"ocean_custom_logo_max_height":0,"ocean_custom_logo_tablet_max_height":0,"ocean_custom_logo_mobile_max_height":0,"ocean_header_custom_menu":"","ocean_menu_typo_font_family":"","ocean_menu_typo_font_subset":"","ocean_menu_typo_font_size":0,"ocean_menu_typo_font_size_tablet":0,"ocean_menu_typo_font_size_mobile":0,"ocean_menu_typo_font_size_unit":"px","ocean_menu_typo_font_weight":"","ocean_menu_typo_font_weight_tablet":"","ocean_menu_typo_font_weight_mobile":"","ocean_menu_typo_transform":"","ocean_menu_typo_transform_tablet":"","ocean_menu_typo_transform_mobile":"","ocean_menu_typo_line_height":0,"ocean_menu_typo_line_height_tablet":0,"ocean_menu_typo_line_height_mobile":0,"ocean_menu_typo_line_height_unit":"","ocean_menu_typo_spacing":0,"ocean_menu_typo_spacing_tablet":0,"ocean_menu_typo_spacing_mobile":0,"ocean_menu_typo_spacing_unit":"","ocean_menu_link_color":"","ocean_menu_link_color_hover":"","ocean_menu_link_color_active":"","ocean_menu_link_background":"","ocean_menu_link_hover_background":"","ocean_menu_link_active_background":"","ocean_menu_social_links_bg":"","ocean_menu_social_hover_links_bg":"","ocean_menu_social_links_color":"","ocean_menu_social_hover_links_color":"","ocean_disable_title":"default","ocean_disable_heading":"default","ocean_post_title":"","ocean_post_subheading":"","ocean_post_title_style":"","ocean_post_title_background_color":"","ocean_post_title_background":0,"ocean_post_title_bg_image_position":"","ocean_post_title_bg_image_attachment":"","ocean_post_title_bg_image_repeat":"","ocean_post_title_bg_image_size":"","ocean_post_title_height":0,"ocean_post_title_bg_overlay":0.5,"ocean_post_title_bg_overlay_color":"","ocean_disable_breadcrumbs":"default","ocean_breadcrumbs_color":"","ocean_breadcrumbs_separator_color":"","ocean_breadcrumbs_links_color":"","ocean_breadcrumbs_links_hover_color":"","ocean_display_footer_widgets":"default","ocean_display_footer_bottom":"default","ocean_custom_footer_template":"","footnotes":""},"class_list":["post-26","page","type-page","status-publish","hentry","entry"],"yoast_head":"<!-- This site is optimized with the Yoast SEO plugin v27.3 - https:\/\/yoast.com\/product\/yoast-seo-wordpress\/ -->\n<title>Contact - Guillaume Kin\u00e9sio<\/title>\n<meta name=\"description\" content=\"Guillaume VAUZELLE - Kinesiologue et praticien en r\u00e9flexologie-cr\u00e2nio-sacr\u00e9e - Nevers et environs (58)\" \/>\n<meta name=\"robots\" content=\"index, follow, max-snippet:-1, max-image-preview:large, max-video-preview:-1\" \/>\n<link rel=\"canonical\" href=\"https:\/\/guillaume-kinesio.com\/index.php\/contact-kinesiologue-nevers\/\" \/>\n<meta property=\"og:locale\" content=\"fr_FR\" \/>\n<meta property=\"og:type\" content=\"article\" \/>\n<meta property=\"og:title\" content=\"Contact - Guillaume Kin\u00e9sio\" \/>\n<meta property=\"og:description\" content=\"Guillaume VAUZELLE - Kinesiologue et praticien en r\u00e9flexologie-cr\u00e2nio-sacr\u00e9e - Nevers et environs (58)\" \/>\n<meta property=\"og:url\" content=\"https:\/\/guillaume-kinesio.com\/index.php\/contact-kinesiologue-nevers\/\" \/>\n<meta property=\"og:site_name\" content=\"Guillaume Kin\u00e9sio\" \/>\n<meta property=\"article:publisher\" content=\"https:\/\/www.facebook.com\/people\/Guillaume-Kinsio\/61567199947695\/\" \/>\n<meta property=\"article:modified_time\" content=\"2025-10-07T12:37:34+00:00\" \/>\n<meta property=\"og:image\" content=\"https:\/\/guillaume-kinesio.com\/wp-content\/uploads\/2025\/01\/Maison_sante_Sermoise_kinesiologie-scaled.jpg\" \/>\n\t<meta property=\"og:image:width\" content=\"2560\" \/>\n\t<meta property=\"og:image:height\" content=\"1920\" \/>\n\t<meta property=\"og:image:type\" content=\"image\/jpeg\" \/>\n<meta name=\"twitter:card\" content=\"summary_large_image\" \/>\n<meta name=\"twitter:label1\" content=\"Dur\u00e9e de lecture estim\u00e9e\" \/>\n\t<meta name=\"twitter:data1\" content=\"1 minute\" \/>\n<script type=\"application\/ld+json\" class=\"yoast-schema-graph\">{\"@context\":\"https:\\\/\\\/schema.org\",\"@graph\":[{\"@type\":\"WebPage\",\"@id\":\"https:\\\/\\\/guillaume-kinesio.com\\\/index.php\\\/contact-kinesiologue-nevers\\\/\",\"url\":\"https:\\\/\\\/guillaume-kinesio.com\\\/index.php\\\/contact-kinesiologue-nevers\\\/\",\"name\":\"Contact - Guillaume Kin\u00e9sio\",\"isPartOf\":{\"@id\":\"https:\\\/\\\/guillaume-kinesio.com\\\/#website\"},\"primaryImageOfPage\":{\"@id\":\"https:\\\/\\\/guillaume-kinesio.com\\\/index.php\\\/contact-kinesiologue-nevers\\\/#primaryimage\"},\"image\":{\"@id\":\"https:\\\/\\\/guillaume-kinesio.com\\\/index.php\\\/contact-kinesiologue-nevers\\\/#primaryimage\"},\"thumbnailUrl\":\"http:\\\/\\\/guillaume-kinesio.com\\\/wp-content\\\/uploads\\\/2025\\\/01\\\/Maison_sante_Sermoise_kinesiologie-1024x768.jpg\",\"datePublished\":\"2024-11-18T09:21:45+00:00\",\"dateModified\":\"2025-10-07T12:37:34+00:00\",\"description\":\"Guillaume VAUZELLE - Kinesiologue et praticien en r\u00e9flexologie-cr\u00e2nio-sacr\u00e9e - Nevers et environs (58)\",\"breadcrumb\":{\"@id\":\"https:\\\/\\\/guillaume-kinesio.com\\\/index.php\\\/contact-kinesiologue-nevers\\\/#breadcrumb\"},\"inLanguage\":\"fr-FR\",\"potentialAction\":[{\"@type\":\"ReadAction\",\"target\":[\"https:\\\/\\\/guillaume-kinesio.com\\\/index.php\\\/contact-kinesiologue-nevers\\\/\"]}]},{\"@type\":\"ImageObject\",\"inLanguage\":\"fr-FR\",\"@id\":\"https:\\\/\\\/guillaume-kinesio.com\\\/index.php\\\/contact-kinesiologue-nevers\\\/#primaryimage\",\"url\":\"https:\\\/\\\/guillaume-kinesio.com\\\/wp-content\\\/uploads\\\/2025\\\/01\\\/Maison_sante_Sermoise_kinesiologie-scaled.jpg\",\"contentUrl\":\"https:\\\/\\\/guillaume-kinesio.com\\\/wp-content\\\/uploads\\\/2025\\\/01\\\/Maison_sante_Sermoise_kinesiologie-scaled.jpg\",\"width\":2560,\"height\":1920},{\"@type\":\"BreadcrumbList\",\"@id\":\"https:\\\/\\\/guillaume-kinesio.com\\\/index.php\\\/contact-kinesiologue-nevers\\\/#breadcrumb\",\"itemListElement\":[{\"@type\":\"ListItem\",\"position\":1,\"name\":\"Home\",\"item\":\"https:\\\/\\\/guillaume-kinesio.com\\\/\"},{\"@type\":\"ListItem\",\"position\":2,\"name\":\"Contact\"}]},{\"@type\":\"WebSite\",\"@id\":\"https:\\\/\\\/guillaume-kinesio.com\\\/#website\",\"url\":\"https:\\\/\\\/guillaume-kinesio.com\\\/\",\"name\":\"Guillaume Kin\u00e9sio\",\"description\":\"Guillaume, kin\u00e9siologue \u00e0 Nevers (58)\",\"publisher\":{\"@id\":\"https:\\\/\\\/guillaume-kinesio.com\\\/#organization\"},\"potentialAction\":[{\"@type\":\"SearchAction\",\"target\":{\"@type\":\"EntryPoint\",\"urlTemplate\":\"https:\\\/\\\/guillaume-kinesio.com\\\/?s={search_term_string}\"},\"query-input\":{\"@type\":\"PropertyValueSpecification\",\"valueRequired\":true,\"valueName\":\"search_term_string\"}}],\"inLanguage\":\"fr-FR\"},{\"@type\":\"Organization\",\"@id\":\"https:\\\/\\\/guillaume-kinesio.com\\\/#organization\",\"name\":\"Guillaume Kin\u00e9sio\",\"url\":\"https:\\\/\\\/guillaume-kinesio.com\\\/\",\"logo\":{\"@type\":\"ImageObject\",\"inLanguage\":\"fr-FR\",\"@id\":\"https:\\\/\\\/guillaume-kinesio.com\\\/#\\\/schema\\\/logo\\\/image\\\/\",\"url\":\"https:\\\/\\\/guillaume-kinesio.com\\\/wp-content\\\/uploads\\\/2024\\\/11\\\/logo-guillaume-kinesiologie.png\",\"contentUrl\":\"https:\\\/\\\/guillaume-kinesio.com\\\/wp-content\\\/uploads\\\/2024\\\/11\\\/logo-guillaume-kinesiologie.png\",\"width\":4469,\"height\":1244,\"caption\":\"Guillaume Kin\u00e9sio\"},\"image\":{\"@id\":\"https:\\\/\\\/guillaume-kinesio.com\\\/#\\\/schema\\\/logo\\\/image\\\/\"},\"sameAs\":[\"https:\\\/\\\/www.facebook.com\\\/people\\\/Guillaume-Kinsio\\\/61567199947695\\\/\",\"https:\\\/\\\/www.instagram.com\\\/guillaume.kinesiologue\\\/profilecard\\\/?igsh=OWY1eDl2bDJ0ZnB2\"]}]}<\/script>\n<!-- \/ Yoast SEO plugin. -->","yoast_head_json":{"title":"Contact - Guillaume Kin\u00e9sio","description":"Guillaume VAUZELLE - Kinesiologue et praticien en r\u00e9flexologie-cr\u00e2nio-sacr\u00e9e - Nevers et environs (58)","robots":{"index":"index","follow":"follow","max-snippet":"max-snippet:-1","max-image-preview":"max-image-preview:large","max-video-preview":"max-video-preview:-1"},"canonical":"https:\/\/guillaume-kinesio.com\/index.php\/contact-kinesiologue-nevers\/","og_locale":"fr_FR","og_type":"article","og_title":"Contact - Guillaume Kin\u00e9sio","og_description":"Guillaume VAUZELLE - Kinesiologue et praticien en r\u00e9flexologie-cr\u00e2nio-sacr\u00e9e - Nevers et environs (58)","og_url":"https:\/\/guillaume-kinesio.com\/index.php\/contact-kinesiologue-nevers\/","og_site_name":"Guillaume Kin\u00e9sio","article_publisher":"https:\/\/www.facebook.com\/people\/Guillaume-Kinsio\/61567199947695\/","article_modified_time":"2025-10-07T12:37:34+00:00","og_image":[{"width":2560,"height":1920,"url":"https:\/\/guillaume-kinesio.com\/wp-content\/uploads\/2025\/01\/Maison_sante_Sermoise_kinesiologie-scaled.jpg","type":"image\/jpeg"}],"twitter_card":"summary_large_image","twitter_misc":{"Dur\u00e9e de lecture estim\u00e9e":"1 minute"},"schema":{"@context":"https:\/\/schema.org","@graph":[{"@type":"WebPage","@id":"https:\/\/guillaume-kinesio.com\/index.php\/contact-kinesiologue-nevers\/","url":"https:\/\/guillaume-kinesio.com\/index.php\/contact-kinesiologue-nevers\/","name":"Contact - Guillaume Kin\u00e9sio","isPartOf":{"@id":"https:\/\/guillaume-kinesio.com\/#website"},"primaryImageOfPage":{"@id":"https:\/\/guillaume-kinesio.com\/index.php\/contact-kinesiologue-nevers\/#primaryimage"},"image":{"@id":"https:\/\/guillaume-kinesio.com\/index.php\/contact-kinesiologue-nevers\/#primaryimage"},"thumbnailUrl":"http:\/\/guillaume-kinesio.com\/wp-content\/uploads\/2025\/01\/Maison_sante_Sermoise_kinesiologie-1024x768.jpg","datePublished":"2024-11-18T09:21:45+00:00","dateModified":"2025-10-07T12:37:34+00:00","description":"Guillaume VAUZELLE - Kinesiologue et praticien en r\u00e9flexologie-cr\u00e2nio-sacr\u00e9e - Nevers et environs (58)","breadcrumb":{"@id":"https:\/\/guillaume-kinesio.com\/index.php\/contact-kinesiologue-nevers\/#breadcrumb"},"inLanguage":"fr-FR","potentialAction":[{"@type":"ReadAction","target":["https:\/\/guillaume-kinesio.com\/index.php\/contact-kinesiologue-nevers\/"]}]},{"@type":"ImageObject","inLanguage":"fr-FR","@id":"https:\/\/guillaume-kinesio.com\/index.php\/contact-kinesiologue-nevers\/#primaryimage","url":"https:\/\/guillaume-kinesio.com\/wp-content\/uploads\/2025\/01\/Maison_sante_Sermoise_kinesiologie-scaled.jpg","contentUrl":"https:\/\/guillaume-kinesio.com\/wp-content\/uploads\/2025\/01\/Maison_sante_Sermoise_kinesiologie-scaled.jpg","width":2560,"height":1920},{"@type":"BreadcrumbList","@id":"https:\/\/guillaume-kinesio.com\/index.php\/contact-kinesiologue-nevers\/#breadcrumb","itemListElement":[{"@type":"ListItem","position":1,"name":"Home","item":"https:\/\/guillaume-kinesio.com\/"},{"@type":"ListItem","position":2,"name":"Contact"}]},{"@type":"WebSite","@id":"https:\/\/guillaume-kinesio.com\/#website","url":"https:\/\/guillaume-kinesio.com\/","name":"Guillaume Kin\u00e9sio","description":"Guillaume, kin\u00e9siologue \u00e0 Nevers (58)","publisher":{"@id":"https:\/\/guillaume-kinesio.com\/#organization"},"potentialAction":[{"@type":"SearchAction","target":{"@type":"EntryPoint","urlTemplate":"https:\/\/guillaume-kinesio.com\/?s={search_term_string}"},"query-input":{"@type":"PropertyValueSpecification","valueRequired":true,"valueName":"search_term_string"}}],"inLanguage":"fr-FR"},{"@type":"Organization","@id":"https:\/\/guillaume-kinesio.com\/#organization","name":"Guillaume Kin\u00e9sio","url":"https:\/\/guillaume-kinesio.com\/","logo":{"@type":"ImageObject","inLanguage":"fr-FR","@id":"https:\/\/guillaume-kinesio.com\/#\/schema\/logo\/image\/","url":"https:\/\/guillaume-kinesio.com\/wp-content\/uploads\/2024\/11\/logo-guillaume-kinesiologie.png","contentUrl":"https:\/\/guillaume-kinesio.com\/wp-content\/uploads\/2024\/11\/logo-guillaume-kinesiologie.png","width":4469,"height":1244,"caption":"Guillaume Kin\u00e9sio"},"image":{"@id":"https:\/\/guillaume-kinesio.com\/#\/schema\/logo\/image\/"},"sameAs":["https:\/\/www.facebook.com\/people\/Guillaume-Kinsio\/61567199947695\/","https:\/\/www.instagram.com\/guillaume.kinesiologue\/profilecard\/?igsh=OWY1eDl2bDJ0ZnB2"]}]}},"_links":{"self":[{"href":"https:\/\/guillaume-kinesio.com\/index.php\/wp-json\/wp\/v2\/pages\/26","targetHints":{"allow":["GET"]}}],"collection":[{"href":"https:\/\/guillaume-kinesio.com\/index.php\/wp-json\/wp\/v2\/pages"}],"about":[{"href":"https:\/\/guillaume-kinesio.com\/index.php\/wp-json\/wp\/v2\/types\/page"}],"author":[{"embeddable":true,"href":"https:\/\/guillaume-kinesio.com\/index.php\/wp-json\/wp\/v2\/users\/1"}],"replies":[{"embeddable":true,"href":"https:\/\/guillaume-kinesio.com\/index.php\/wp-json\/wp\/v2\/comments?post=26"}],"version-history":[{"count":74,"href":"https:\/\/guillaume-kinesio.com\/index.php\/wp-json\/wp\/v2\/pages\/26\/revisions"}],"predecessor-version":[{"id":1004,"href":"https:\/\/guillaume-kinesio.com\/index.php\/wp-json\/wp\/v2\/pages\/26\/revisions\/1004"}],"wp:attachment":[{"href":"https:\/\/guillaume-kinesio.com\/index.php\/wp-json\/wp\/v2\/media?parent=26"}],"curies":[{"name":"wp","href":"https:\/\/api.w.org\/{rel}","templated":true}]}}